{"id":272,"date":"2023-05-23T13:56:27","date_gmt":"2023-05-23T12:56:27","guid":{"rendered":"https:\/\/picardiecloisons.fr\/?page_id=272"},"modified":"2023-09-05T08:02:26","modified_gmt":"2023-09-05T07:02:26","slug":"contacter-picardie-cloisons-amenagement-dinterieur","status":"publish","type":"page","link":"https:\/\/picardiecloisons.fr\/index.php\/contacter-picardie-cloisons-amenagement-dinterieur\/","title":{"rendered":"Contact"},"content":{"rendered":"\t\t<div data-elementor-type=\"wp-page\" data-elementor-id=\"272\" class=\"elementor elementor-272\">\n\t\t\t\t\t\t<section class=\"elementor-section elementor-top-section elementor-element elementor-element-cbe5af2 elementor-section-full_width elementor-section-stretched elementor-section-height-default elementor-section-height-default\" data-id=\"cbe5af2\" data-element_type=\"section\" data-e-type=\"section\" data-settings=\"{&quot;stretch_section&quot;:&quot;section-stretched&quot;,&quot;background_background&quot;:&quot;gradient&quot;}\">\n\t\t\t\t\t\t<div class=\"elementor-container elementor-column-gap-custom\">\n\t\t\t\t\t<div class=\"elementor-column elementor-col-50 elementor-top-column elementor-element elementor-element-b28fc12\" data-id=\"b28fc12\" data-element_type=\"column\" data-e-type=\"column\">\n\t\t\t<div class=\"elementor-widget-wrap elementor-element-populated\">\n\t\t\t\t\t\t<div class=\"elementor-element elementor-element-9d53dc7 elementor-widget elementor-widget-text-editor\" data-id=\"9d53dc7\" data-element_type=\"widget\" data-e-type=\"widget\" data-widget_type=\"text-editor.default\">\n\t\t\t\t<div class=\"elementor-widget-container\">\n\t\t\t\t\t\t\t\t\t<p style=\"text-align: center;\"><span style=\"font-size: 12pt; font-family: arial, helvetica, sans-serif;\">\u00a0<\/span><\/p><p style=\"text-align: center;\"><span style=\"font-size: 12pt; font-family: arial, helvetica, sans-serif;\"><strong><span style=\"color: #000080;\">Picardie Cloisons<\/span> <\/strong><br \/><\/span><\/p><p style=\"text-align: center;\"><span style=\"font-size: 12pt; font-family: arial, helvetica, sans-serif;\">Vous d\u00e9sirez plus d&rsquo;informations sur nos cloisons ?<\/span><\/p><p style=\"text-align: center;\"><span style=\"font-size: 12pt; font-family: arial, helvetica, sans-serif;\">Vous aimeriez obtenir un devis ?<\/span><\/p><ul style=\"list-style-type: circle;\"><li style=\"text-align: center;\"><span style=\"font-size: 12pt; font-family: arial, helvetica, sans-serif;\">Pour cela, <strong>Contactez-nous<\/strong> :<\/span><\/li><\/ul><p style=\"text-align: center;\"><span style=\"color: #333399;\"><strong><span style=\"font-size: 12pt; font-family: arial, helvetica, sans-serif;\">T\u00e9l : 03 22 33 60 00<\/span><\/strong><\/span><\/p><p style=\"text-align: center;\"><span style=\"color: #333399;\"><strong><span style=\"font-size: 12pt; font-family: arial, helvetica, sans-serif;\">Fax : 03 22 33 60 01<\/span><\/strong><\/span><\/p><p style=\"text-align: center;\"><span style=\"color: #333399;\"><strong><span style=\"font-size: 12pt; font-family: arial, helvetica, sans-serif;\">Mail : <a href=\"mailto:contact@picardiecloisons.fr\">contact@picardiecloisons.fr<\/a><br \/><\/span><\/strong><\/span><\/p><p style=\"text-align: center;\"><strong><span style=\"font-family: arial, helvetica, sans-serif; font-size: 12pt; color: #ffcc00;\">L&rsquo;\u00e9quipe de Picardie Cloisons est \u00e0 votre \u00e9coute !<\/span><br \/><\/strong><\/p>\t\t\t\t\t\t\t\t<\/div>\n\t\t\t\t<\/div>\n\t\t\t\t\t<\/div>\n\t\t<\/div>\n\t\t\t\t<div class=\"elementor-column elementor-col-50 elementor-top-column elementor-element elementor-element-7969324\" data-id=\"7969324\" data-element_type=\"column\" data-e-type=\"column\" data-settings=\"{&quot;background_background&quot;:&quot;classic&quot;}\">\n\t\t\t<div class=\"elementor-widget-wrap elementor-element-populated\">\n\t\t\t\t\t\t<div class=\"elementor-element elementor-element-89b0aed elementor-widget elementor-widget-text-editor\" data-id=\"89b0aed\" data-element_type=\"widget\" data-e-type=\"widget\" data-widget_type=\"text-editor.default\">\n\t\t\t\t<div class=\"elementor-widget-container\">\n\t\t\t\t\t\t\t\t\t<p style=\"text-align: center;\"><strong><span style=\"font-family: arial, helvetica, sans-serif; color: #ffffff;\"><span style=\"color: #ffff99;\">&gt; O\u00f9 nous trouver ? &lt;<\/span><br \/><\/span><\/strong><\/p><p style=\"text-align: center;\"><span style=\"color: #333333;\"><strong><span style=\"font-family: arial, helvetica, sans-serif;\">PICARDIE CLOISONS<\/span><\/strong><\/span><\/p><p style=\"text-align: center;\"><span style=\"color: #333333;\"><strong><span style=\"font-family: arial, helvetica, sans-serif;\">2 \u00e0 28 rue du ch\u00e2teau &#8211; BP1229<\/span><\/strong><\/span><\/p><p style=\"text-align: center;\"><span style=\"color: #333333;\"><strong><span style=\"font-family: arial, helvetica, sans-serif;\">\u00a0\u00a0 80012 AMIENS Cedex 1<\/span><\/strong><\/span><\/p>\t\t\t\t\t\t\t\t<\/div>\n\t\t\t\t<\/div>\n\t\t\t\t<div class=\"elementor-element elementor-element-a86ea0d elementor-widget elementor-widget-google_maps\" data-id=\"a86ea0d\" data-element_type=\"widget\" data-e-type=\"widget\" data-widget_type=\"google_maps.default\">\n\t\t\t\t<div class=\"elementor-widget-container\">\n\t\t\t\t\t\t\t<div class=\"elementor-custom-embed\">\n\t\t\t<iframe loading=\"lazy\"\n\t\t\t\t\tsrc=\"https:\/\/maps.google.com\/maps?q=2%20%C3%A0%2028%20rue%20du%20ch%C3%A2teau%20amiens%2080000&#038;t=m&#038;z=11&#038;output=embed&#038;iwloc=near\"\n\t\t\t\t\ttitle=\"2 \u00e0 28 rue du ch\u00e2teau amiens 80000\"\n\t\t\t\t\taria-label=\"2 \u00e0 28 rue du ch\u00e2teau amiens 80000\"\n\t\t\t><\/iframe>\n\t\t<\/div>\n\t\t\t\t\t\t<\/div>\n\t\t\t\t<\/div>\n\t\t\t\t\t<\/div>\n\t\t<\/div>\n\t\t\t\t\t<\/div>\n\t\t<\/section>\n\t\t\t\t<section class=\"elementor-section elementor-top-section elementor-element elementor-element-8bcaa49 elementor-section-stretched elementor-section-boxed elementor-section-height-default elementor-section-height-default\" data-id=\"8bcaa49\" data-element_type=\"section\" data-e-type=\"section\" data-settings=\"{&quot;stretch_section&quot;:&quot;section-stretched&quot;,&quot;background_background&quot;:&quot;classic&quot;}\">\n\t\t\t\t\t\t<div class=\"elementor-container elementor-column-gap-default\">\n\t\t\t\t\t<div class=\"elementor-column elementor-col-100 elementor-top-column elementor-element elementor-element-bc58ef5\" data-id=\"bc58ef5\" data-element_type=\"column\" data-e-type=\"column\">\n\t\t\t<div class=\"elementor-widget-wrap elementor-element-populated\">\n\t\t\t\t\t\t<div class=\"elementor-element elementor-element-7ea157b elementor-widget-divider--separator-type-pattern elementor-widget-divider--no-spacing elementor-widget-divider--view-line elementor-widget elementor-widget-divider\" data-id=\"7ea157b\" data-element_type=\"widget\" data-e-type=\"widget\" data-widget_type=\"divider.default\">\n\t\t\t\t<div class=\"elementor-widget-container\">\n\t\t\t\t\t\t\t<div class=\"elementor-divider\" style=\"--divider-pattern-url: url(&quot;data:image\/svg+xml,%3Csvg xmlns=&#039;http:\/\/www.w3.org\/2000\/svg&#039; preserveAspectRatio=&#039;xMidYMid meet&#039; overflow=&#039;visible&#039; height=&#039;100%&#039; viewBox=&#039;0 0 120 26&#039; fill=&#039;black&#039; stroke=&#039;none&#039;%3E%3Cpath d=&#039;M54,1.6V26h-9V2.5L54,1.6z M69,1.6v23.3L60,26V1.6H69z M24,1.6v23.5l-9-0.6V1.6H24z M30,0l9,0.7v24.5h-9V0z M9,2.5v22H0V3.7L9,2.5z M75,1.6l9,0.9v22h-9V1.6z M99,2.7v21.7h-9V3.8L99,2.7z M114,3.8v20.7l-9-0.5V3.8L114,3.8z&#039;\/%3E%3C\/svg%3E&quot;);\">\n\t\t\t<span class=\"elementor-divider-separator\">\n\t\t\t\t\t\t<\/span>\n\t\t<\/div>\n\t\t\t\t\t\t<\/div>\n\t\t\t\t<\/div>\n\t\t\t\t\t<\/div>\n\t\t<\/div>\n\t\t\t\t\t<\/div>\n\t\t<\/section>\n\t\t\t\t<section class=\"elementor-section elementor-top-section elementor-element elementor-element-76581d7 elementor-section-stretched elementor-section-boxed elementor-section-height-default elementor-section-height-default\" data-id=\"76581d7\" data-element_type=\"section\" data-e-type=\"section\" data-settings=\"{&quot;stretch_section&quot;:&quot;section-stretched&quot;,&quot;background_background&quot;:&quot;gradient&quot;}\">\n\t\t\t\t\t\t<div class=\"elementor-container elementor-column-gap-default\">\n\t\t\t\t\t<div class=\"elementor-column elementor-col-50 elementor-top-column elementor-element elementor-element-b425f8b\" data-id=\"b425f8b\" data-element_type=\"column\" data-e-type=\"column\">\n\t\t\t<div class=\"elementor-widget-wrap\">\n\t\t\t\t\t\t\t<\/div>\n\t\t<\/div>\n\t\t\t\t<div class=\"elementor-column elementor-col-50 elementor-top-column elementor-element elementor-element-237a15e\" data-id=\"237a15e\" data-element_type=\"column\" data-e-type=\"column\">\n\t\t\t<div class=\"elementor-widget-wrap elementor-element-populated\">\n\t\t\t\t\t\t<div class=\"elementor-element elementor-element-4f7489a elementor-widget elementor-widget-spacer\" data-id=\"4f7489a\" data-element_type=\"widget\" data-e-type=\"widget\" data-widget_type=\"spacer.default\">\n\t\t\t\t<div class=\"elementor-widget-container\">\n\t\t\t\t\t\t\t<div class=\"elementor-spacer\">\n\t\t\t<div class=\"elementor-spacer-inner\"><\/div>\n\t\t<\/div>\n\t\t\t\t\t\t<\/div>\n\t\t\t\t<\/div>\n\t\t\t\t<div class=\"elementor-element elementor-element-51c02e3 elementor-widget elementor-widget-image\" data-id=\"51c02e3\" data-element_type=\"widget\" data-e-type=\"widget\" data-widget_type=\"image.default\">\n\t\t\t\t<div class=\"elementor-widget-container\">\n\t\t\t\t\t\t\t\t\t\t\t\t\t\t\t<img fetchpriority=\"high\" decoding=\"async\" width=\"843\" height=\"443\" src=\"https:\/\/picardiecloisons.fr\/wp-content\/uploads\/2022\/05\/Telep2-1024x538.png\" class=\"attachment-large size-large wp-image-2212\" alt=\"Teleprospectrice\" srcset=\"https:\/\/picardiecloisons.fr\/wp-content\/uploads\/2022\/05\/Telep2-1024x538.png 1024w, https:\/\/picardiecloisons.fr\/wp-content\/uploads\/2022\/05\/Telep2-300x158.png 300w, https:\/\/picardiecloisons.fr\/wp-content\/uploads\/2022\/05\/Telep2-768x403.png 768w, https:\/\/picardiecloisons.fr\/wp-content\/uploads\/2022\/05\/Telep2.png 1200w\" sizes=\"(max-width: 843px) 100vw, 843px\" \/>\t\t\t\t\t\t\t\t\t\t\t\t\t\t\t<\/div>\n\t\t\t\t<\/div>\n\t\t\t\t<div class=\"elementor-element elementor-element-6e5a8ae elementor-widget elementor-widget-elementskit-back-to-top\" data-id=\"6e5a8ae\" data-element_type=\"widget\" data-e-type=\"widget\" data-widget_type=\"elementskit-back-to-top.default\">\n\t\t\t\t<div class=\"elementor-widget-container\">\n\t\t\t\t\t<div class=\"ekit-wid-con\" >\t\t\t<div class=\"ekit-back-to-top-container ekit-btt icon_only\" data-settings=\"{&quot;offset_top&quot;:0,&quot;show_after&quot;:null,&quot;show_scroll&quot;:&quot;&quot;,&quot;style&quot;:&quot;icon_only&quot;,&quot;foreground&quot;:null,&quot;background&quot;:null}\"> \n\t\t\t\t<span class=\"ekit-btt__button \">\n\t\t\t\t\t<i aria-hidden=\"true\" class=\"fas fa-arrow-up\"><\/i>\t\t\t\t<\/span>\n\t\t\t<\/div>\n\t\t<\/div>\t\t\t\t<\/div>\n\t\t\t\t<\/div>\n\t\t\t\t\t<\/div>\n\t\t<\/div>\n\t\t\t\t\t<\/div>\n\t\t<\/section>\n\t\t\t\t<\/div>\n\t\t","protected":false},"excerpt":{"rendered":"<p>\u00a0 Picardie Cloisons Vous d\u00e9sirez plus d&rsquo;informations sur nos cloisons ? Vous aimeriez obtenir un devis ? Pour cela, Contactez-nous : T\u00e9l : 03 22&hellip;<\/p>\n","protected":false},"author":1,"featured_media":245,"parent":0,"menu_order":0,"comment_status":"closed","ping_status":"closed","template":"","meta":{"footnotes":""},"class_list":["post-272","page","type-page","status-publish","has-post-thumbnail","hentry"],"yoast_head":"<!-- This site is optimized with the Yoast SEO plugin v27.3 - https:\/\/yoast.com\/product\/yoast-seo-wordpress\/ -->\n<title>Contact - Picardie Cloisons, vous avez un projet ? Contactez-nous !<\/title>\n<meta name=\"description\" content=\"Un projet ? Contactez nous au 03 22 33 60 00 ou par mail : contact@picardiecloisons.fr L&#039;\u00e9quipe de Picardie Cloisons est \u00e0 votre \u00e9coute\" \/>\n<meta name=\"robots\" content=\"index, follow, max-snippet:-1, max-image-preview:large, max-video-preview:-1\" \/>\n<link rel=\"canonical\" href=\"https:\/\/picardiecloisons.fr\/index.php\/contacter-picardie-cloisons-amenagement-dinterieur\/\" \/>\n<meta property=\"og:locale\" content=\"fr_FR\" \/>\n<meta property=\"og:type\" content=\"article\" \/>\n<meta property=\"og:title\" content=\"Contact - Picardie Cloisons, vous avez un projet ? Contactez-nous !\" \/>\n<meta property=\"og:description\" content=\"Un projet ? Contactez nous au 03 22 33 60 00 ou par mail : contact@picardiecloisons.fr L&#039;\u00e9quipe de Picardie Cloisons est \u00e0 votre \u00e9coute\" \/>\n<meta property=\"og:url\" content=\"https:\/\/picardiecloisons.fr\/index.php\/contacter-picardie-cloisons-amenagement-dinterieur\/\" \/>\n<meta property=\"og:site_name\" content=\"Picardie Cloisons\" \/>\n<meta property=\"article:modified_time\" content=\"2023-09-05T07:02:26+00:00\" \/>\n<meta property=\"og:image\" content=\"https:\/\/picardiecloisons.fr\/wp-content\/uploads\/2021\/02\/Fond5.jpg\" \/>\n\t<meta property=\"og:image:width\" content=\"1280\" \/>\n\t<meta property=\"og:image:height\" content=\"720\" \/>\n\t<meta property=\"og:image:type\" content=\"image\/jpeg\" \/>\n<meta name=\"twitter:card\" content=\"summary_large_image\" \/>\n<meta name=\"twitter:label1\" content=\"Dur\u00e9e de lecture estim\u00e9e\" \/>\n\t<meta name=\"twitter:data1\" content=\"1 minute\" \/>\n<script type=\"application\/ld+json\" class=\"yoast-schema-graph\">{\"@context\":\"https:\\\/\\\/schema.org\",\"@graph\":[{\"@type\":\"WebPage\",\"@id\":\"https:\\\/\\\/picardiecloisons.fr\\\/index.php\\\/contacter-picardie-cloisons-amenagement-dinterieur\\\/\",\"url\":\"https:\\\/\\\/picardiecloisons.fr\\\/index.php\\\/contacter-picardie-cloisons-amenagement-dinterieur\\\/\",\"name\":\"Contact - Picardie Cloisons, vous avez un projet ? Contactez-nous !\",\"isPartOf\":{\"@id\":\"https:\\\/\\\/picardiecloisons.fr\\\/#website\"},\"primaryImageOfPage\":{\"@id\":\"https:\\\/\\\/picardiecloisons.fr\\\/index.php\\\/contacter-picardie-cloisons-amenagement-dinterieur\\\/#primaryimage\"},\"image\":{\"@id\":\"https:\\\/\\\/picardiecloisons.fr\\\/index.php\\\/contacter-picardie-cloisons-amenagement-dinterieur\\\/#primaryimage\"},\"thumbnailUrl\":\"https:\\\/\\\/picardiecloisons.fr\\\/wp-content\\\/uploads\\\/2021\\\/02\\\/Fond5.jpg\",\"datePublished\":\"2023-05-23T12:56:27+00:00\",\"dateModified\":\"2023-09-05T07:02:26+00:00\",\"description\":\"Un projet ? Contactez nous au 03 22 33 60 00 ou par mail : contact@picardiecloisons.fr L'\u00e9quipe de Picardie Cloisons est \u00e0 votre \u00e9coute\",\"breadcrumb\":{\"@id\":\"https:\\\/\\\/picardiecloisons.fr\\\/index.php\\\/contacter-picardie-cloisons-amenagement-dinterieur\\\/#breadcrumb\"},\"inLanguage\":\"fr-FR\",\"potentialAction\":[{\"@type\":\"ReadAction\",\"target\":[\"https:\\\/\\\/picardiecloisons.fr\\\/index.php\\\/contacter-picardie-cloisons-amenagement-dinterieur\\\/\"]}]},{\"@type\":\"ImageObject\",\"inLanguage\":\"fr-FR\",\"@id\":\"https:\\\/\\\/picardiecloisons.fr\\\/index.php\\\/contacter-picardie-cloisons-amenagement-dinterieur\\\/#primaryimage\",\"url\":\"https:\\\/\\\/picardiecloisons.fr\\\/wp-content\\\/uploads\\\/2021\\\/02\\\/Fond5.jpg\",\"contentUrl\":\"https:\\\/\\\/picardiecloisons.fr\\\/wp-content\\\/uploads\\\/2021\\\/02\\\/Fond5.jpg\",\"width\":1280,\"height\":720},{\"@type\":\"BreadcrumbList\",\"@id\":\"https:\\\/\\\/picardiecloisons.fr\\\/index.php\\\/contacter-picardie-cloisons-amenagement-dinterieur\\\/#breadcrumb\",\"itemListElement\":[{\"@type\":\"ListItem\",\"position\":1,\"name\":\"Accueil\",\"item\":\"https:\\\/\\\/picardiecloisons.fr\\\/\"},{\"@type\":\"ListItem\",\"position\":2,\"name\":\"Contact\"}]},{\"@type\":\"WebSite\",\"@id\":\"https:\\\/\\\/picardiecloisons.fr\\\/#website\",\"url\":\"https:\\\/\\\/picardiecloisons.fr\\\/\",\"name\":\"Picardie Cloisons\",\"description\":\"Am\u00e9nagement de locaux professionnels\",\"publisher\":{\"@id\":\"https:\\\/\\\/picardiecloisons.fr\\\/#organization\"},\"potentialAction\":[{\"@type\":\"SearchAction\",\"target\":{\"@type\":\"EntryPoint\",\"urlTemplate\":\"https:\\\/\\\/picardiecloisons.fr\\\/?s={search_term_string}\"},\"query-input\":{\"@type\":\"PropertyValueSpecification\",\"valueRequired\":true,\"valueName\":\"search_term_string\"}}],\"inLanguage\":\"fr-FR\"},{\"@type\":\"Organization\",\"@id\":\"https:\\\/\\\/picardiecloisons.fr\\\/#organization\",\"name\":\"Picardie Cloisons\",\"url\":\"https:\\\/\\\/picardiecloisons.fr\\\/\",\"logo\":{\"@type\":\"ImageObject\",\"inLanguage\":\"fr-FR\",\"@id\":\"https:\\\/\\\/picardiecloisons.fr\\\/#\\\/schema\\\/logo\\\/image\\\/\",\"url\":\"https:\\\/\\\/picardiecloisons.fr\\\/wp-content\\\/uploads\\\/2021\\\/02\\\/cropped-Logo-sans-fond.png\",\"contentUrl\":\"https:\\\/\\\/picardiecloisons.fr\\\/wp-content\\\/uploads\\\/2021\\\/02\\\/cropped-Logo-sans-fond.png\",\"width\":600,\"height\":600,\"caption\":\"Picardie Cloisons\"},\"image\":{\"@id\":\"https:\\\/\\\/picardiecloisons.fr\\\/#\\\/schema\\\/logo\\\/image\\\/\"},\"sameAs\":[\"https:\\\/\\\/www.linkedin.com\\\/company\\\/picardie-cloisons-amiens\\\/\"]}]}<\/script>\n<!-- \/ Yoast SEO plugin. -->","yoast_head_json":{"title":"Contact - Picardie Cloisons, vous avez un projet ? Contactez-nous !","description":"Un projet ? Contactez nous au 03 22 33 60 00 ou par mail : contact@picardiecloisons.fr L'\u00e9quipe de Picardie Cloisons est \u00e0 votre \u00e9coute","robots":{"index":"index","follow":"follow","max-snippet":"max-snippet:-1","max-image-preview":"max-image-preview:large","max-video-preview":"max-video-preview:-1"},"canonical":"https:\/\/picardiecloisons.fr\/index.php\/contacter-picardie-cloisons-amenagement-dinterieur\/","og_locale":"fr_FR","og_type":"article","og_title":"Contact - Picardie Cloisons, vous avez un projet ? Contactez-nous !","og_description":"Un projet ? Contactez nous au 03 22 33 60 00 ou par mail : contact@picardiecloisons.fr L'\u00e9quipe de Picardie Cloisons est \u00e0 votre \u00e9coute","og_url":"https:\/\/picardiecloisons.fr\/index.php\/contacter-picardie-cloisons-amenagement-dinterieur\/","og_site_name":"Picardie Cloisons","article_modified_time":"2023-09-05T07:02:26+00:00","og_image":[{"width":1280,"height":720,"url":"https:\/\/picardiecloisons.fr\/wp-content\/uploads\/2021\/02\/Fond5.jpg","type":"image\/jpeg"}],"twitter_card":"summary_large_image","twitter_misc":{"Dur\u00e9e de lecture estim\u00e9e":"1 minute"},"schema":{"@context":"https:\/\/schema.org","@graph":[{"@type":"WebPage","@id":"https:\/\/picardiecloisons.fr\/index.php\/contacter-picardie-cloisons-amenagement-dinterieur\/","url":"https:\/\/picardiecloisons.fr\/index.php\/contacter-picardie-cloisons-amenagement-dinterieur\/","name":"Contact - Picardie Cloisons, vous avez un projet ? Contactez-nous !","isPartOf":{"@id":"https:\/\/picardiecloisons.fr\/#website"},"primaryImageOfPage":{"@id":"https:\/\/picardiecloisons.fr\/index.php\/contacter-picardie-cloisons-amenagement-dinterieur\/#primaryimage"},"image":{"@id":"https:\/\/picardiecloisons.fr\/index.php\/contacter-picardie-cloisons-amenagement-dinterieur\/#primaryimage"},"thumbnailUrl":"https:\/\/picardiecloisons.fr\/wp-content\/uploads\/2021\/02\/Fond5.jpg","datePublished":"2023-05-23T12:56:27+00:00","dateModified":"2023-09-05T07:02:26+00:00","description":"Un projet ? Contactez nous au 03 22 33 60 00 ou par mail : contact@picardiecloisons.fr L'\u00e9quipe de Picardie Cloisons est \u00e0 votre \u00e9coute","breadcrumb":{"@id":"https:\/\/picardiecloisons.fr\/index.php\/contacter-picardie-cloisons-amenagement-dinterieur\/#breadcrumb"},"inLanguage":"fr-FR","potentialAction":[{"@type":"ReadAction","target":["https:\/\/picardiecloisons.fr\/index.php\/contacter-picardie-cloisons-amenagement-dinterieur\/"]}]},{"@type":"ImageObject","inLanguage":"fr-FR","@id":"https:\/\/picardiecloisons.fr\/index.php\/contacter-picardie-cloisons-amenagement-dinterieur\/#primaryimage","url":"https:\/\/picardiecloisons.fr\/wp-content\/uploads\/2021\/02\/Fond5.jpg","contentUrl":"https:\/\/picardiecloisons.fr\/wp-content\/uploads\/2021\/02\/Fond5.jpg","width":1280,"height":720},{"@type":"BreadcrumbList","@id":"https:\/\/picardiecloisons.fr\/index.php\/contacter-picardie-cloisons-amenagement-dinterieur\/#breadcrumb","itemListElement":[{"@type":"ListItem","position":1,"name":"Accueil","item":"https:\/\/picardiecloisons.fr\/"},{"@type":"ListItem","position":2,"name":"Contact"}]},{"@type":"WebSite","@id":"https:\/\/picardiecloisons.fr\/#website","url":"https:\/\/picardiecloisons.fr\/","name":"Picardie Cloisons","description":"Am\u00e9nagement de locaux professionnels","publisher":{"@id":"https:\/\/picardiecloisons.fr\/#organization"},"potentialAction":[{"@type":"SearchAction","target":{"@type":"EntryPoint","urlTemplate":"https:\/\/picardiecloisons.fr\/?s={search_term_string}"},"query-input":{"@type":"PropertyValueSpecification","valueRequired":true,"valueName":"search_term_string"}}],"inLanguage":"fr-FR"},{"@type":"Organization","@id":"https:\/\/picardiecloisons.fr\/#organization","name":"Picardie Cloisons","url":"https:\/\/picardiecloisons.fr\/","logo":{"@type":"ImageObject","inLanguage":"fr-FR","@id":"https:\/\/picardiecloisons.fr\/#\/schema\/logo\/image\/","url":"https:\/\/picardiecloisons.fr\/wp-content\/uploads\/2021\/02\/cropped-Logo-sans-fond.png","contentUrl":"https:\/\/picardiecloisons.fr\/wp-content\/uploads\/2021\/02\/cropped-Logo-sans-fond.png","width":600,"height":600,"caption":"Picardie Cloisons"},"image":{"@id":"https:\/\/picardiecloisons.fr\/#\/schema\/logo\/image\/"},"sameAs":["https:\/\/www.linkedin.com\/company\/picardie-cloisons-amiens\/"]}]}},"_links":{"self":[{"href":"https:\/\/picardiecloisons.fr\/index.php\/wp-json\/wp\/v2\/pages\/272","targetHints":{"allow":["GET"]}}],"collection":[{"href":"https:\/\/picardiecloisons.fr\/index.php\/wp-json\/wp\/v2\/pages"}],"about":[{"href":"https:\/\/picardiecloisons.fr\/index.php\/wp-json\/wp\/v2\/types\/page"}],"author":[{"embeddable":true,"href":"https:\/\/picardiecloisons.fr\/index.php\/wp-json\/wp\/v2\/users\/1"}],"replies":[{"embeddable":true,"href":"https:\/\/picardiecloisons.fr\/index.php\/wp-json\/wp\/v2\/comments?post=272"}],"version-history":[{"count":91,"href":"https:\/\/picardiecloisons.fr\/index.php\/wp-json\/wp\/v2\/pages\/272\/revisions"}],"predecessor-version":[{"id":3151,"href":"https:\/\/picardiecloisons.fr\/index.php\/wp-json\/wp\/v2\/pages\/272\/revisions\/3151"}],"wp:featuredmedia":[{"embeddable":true,"href":"https:\/\/picardiecloisons.fr\/index.php\/wp-json\/wp\/v2\/media\/245"}],"wp:attachment":[{"href":"https:\/\/picardiecloisons.fr\/index.php\/wp-json\/wp\/v2\/media?parent=272"}],"curies":[{"name":"wp","href":"https:\/\/api.w.org\/{rel}","templated":true}]}}