{"id":615,"date":"2023-03-20T10:11:37","date_gmt":"2023-03-20T09:11:37","guid":{"rendered":"https:\/\/picardiecloisons.fr\/?page_id=615"},"modified":"2026-02-18T15:20:13","modified_gmt":"2026-02-18T14:20:13","slug":"etre-appele-formulaire","status":"publish","type":"page","link":"https:\/\/picardiecloisons.fr\/index.php\/etre-appele-formulaire\/","title":{"rendered":"\u00catre appel\u00e9"},"content":{"rendered":"\t\t<div data-elementor-type=\"wp-page\" data-elementor-id=\"615\" class=\"elementor elementor-615\">\n\t\t\t\t\t\t<section class=\"elementor-section elementor-top-section elementor-element elementor-element-a70073f elementor-section-full_width elementor-section-height-default elementor-section-height-default\" data-id=\"a70073f\" data-element_type=\"section\" data-e-type=\"section\">\n\t\t\t\t\t\t\t<div class=\"elementor-background-overlay\"><\/div>\n\t\t\t\t\t\t\t<div class=\"elementor-container elementor-column-gap-default\">\n\t\t\t\t\t<div class=\"elementor-column elementor-col-100 elementor-top-column elementor-element elementor-element-fa322f0\" data-id=\"fa322f0\" data-element_type=\"column\" data-e-type=\"column\">\n\t\t\t<div class=\"elementor-widget-wrap elementor-element-populated\">\n\t\t\t\t\t\t<div class=\"elementor-element elementor-element-b51ef4f elementor-widget elementor-widget-text-editor\" data-id=\"b51ef4f\" data-element_type=\"widget\" data-e-type=\"widget\" data-widget_type=\"text-editor.default\">\n\t\t\t\t<div class=\"elementor-widget-container\">\n\t\t\t\t\t\t\t\t\t<h2 style=\"text-align: center;\"><span style=\"font-family: arial, helvetica, sans-serif;\"><strong><span style=\"font-size: 18pt;\"><span style=\"color: #666699;\">Des questions ? Contactez la PC Team via notre formulaire !\u260e\ufe0f<\/span><br \/><\/span><\/strong><\/span><\/h2>\t\t\t\t\t\t\t\t<\/div>\n\t\t\t\t<\/div>\n\t\t\t\t\t<\/div>\n\t\t<\/div>\n\t\t\t\t\t<\/div>\n\t\t<\/section>\n\t\t\t\t<section class=\"elementor-section elementor-top-section elementor-element elementor-element-e62e034 elementor-section-full_width elementor-section-height-default elementor-section-height-default\" data-id=\"e62e034\" data-element_type=\"section\" data-e-type=\"section\">\n\t\t\t\t\t\t<div class=\"elementor-container elementor-column-gap-default\">\n\t\t\t\t\t<div class=\"elementor-column elementor-col-50 elementor-top-column elementor-element elementor-element-841a15b\" data-id=\"841a15b\" data-element_type=\"column\" data-e-type=\"column\">\n\t\t\t<div class=\"elementor-widget-wrap elementor-element-populated\">\n\t\t\t\t\t\t<div class=\"elementor-element elementor-element-04bdb0b elementor-widget elementor-widget-wpforms\" data-id=\"04bdb0b\" data-element_type=\"widget\" data-e-type=\"widget\" data-widget_type=\"wpforms.default\">\n\t\t\t\t<div class=\"elementor-widget-container\">\n\t\t\t\t\t<div class=\"wpforms-container wpforms-container-full\" id=\"wpforms-360\"><form id=\"wpforms-form-360\" class=\"wpforms-validate wpforms-form\" data-formid=\"360\" method=\"post\" enctype=\"multipart\/form-data\" action=\"\/index.php\/wp-json\/wp\/v2\/pages\/615\" data-token=\"4af95fc1e1960c2ced9a73f079c97e95\" data-token-time=\"1776340731\"><noscript class=\"wpforms-error-noscript\">Veuillez activer JavaScript dans votre navigateur pour remplir ce formulaire.<\/noscript><div class=\"wpforms-field-container\"><div id=\"wpforms-360-field_0-container\" class=\"wpforms-field wpforms-field-name\" data-field-id=\"0\"><label class=\"wpforms-field-label\">Pr\u00e9nom \/ Nom <span class=\"wpforms-required-label\">*<\/span><\/label><div class=\"wpforms-field-row wpforms-field-medium\"><div class=\"wpforms-field-row-block wpforms-first wpforms-one-half\"><input type=\"text\" id=\"wpforms-360-field_0\" class=\"wpforms-field-name-first wpforms-field-required\" name=\"wpforms[fields][0][first]\" required><label for=\"wpforms-360-field_0\" class=\"wpforms-field-sublabel after\">Pr\u00e9nom<\/label><\/div><div class=\"wpforms-field-row-block wpforms-one-half\"><input type=\"text\" id=\"wpforms-360-field_0-last\" class=\"wpforms-field-name-last wpforms-field-required\" name=\"wpforms[fields][0][last]\" required><label for=\"wpforms-360-field_0-last\" class=\"wpforms-field-sublabel after\">Nom<\/label><\/div><\/div><\/div><div id=\"wpforms-360-field_1-container\" class=\"wpforms-field wpforms-field-email\" data-field-id=\"1\"><label class=\"wpforms-field-label\" for=\"wpforms-360-field_1\">E-mail <span class=\"wpforms-required-label\">*<\/span><\/label><input type=\"email\" id=\"wpforms-360-field_1\" class=\"wpforms-field-medium wpforms-field-required\" name=\"wpforms[fields][1]\" spellcheck=\"false\" required><\/div><div id=\"wpforms-360-field_2-container\" class=\"wpforms-field wpforms-field-textarea\" data-field-id=\"2\"><label class=\"wpforms-field-label\" for=\"wpforms-360-field_2\">Commentaire ou message <span class=\"wpforms-required-label\">*<\/span><\/label><textarea id=\"wpforms-360-field_2\" class=\"wpforms-field-medium wpforms-field-required\" name=\"wpforms[fields][2]\" required><\/textarea><\/div><div id=\"wpforms-360-field_5-container\" class=\"wpforms-field wpforms-field-text\" data-field-id=\"5\"><label class=\"wpforms-field-label\" for=\"wpforms-360-field_5\">Num\u00e9ro de t\u00e9l\u00e9phone <span class=\"wpforms-required-label\">*<\/span><\/label><input type=\"text\" id=\"wpforms-360-field_5\" class=\"wpforms-field-medium wpforms-field-required\" name=\"wpforms[fields][5]\" required><\/div><div id=\"wpforms-360-field_6-container\" class=\"wpforms-field wpforms-field-gdpr-checkbox\" data-field-id=\"6\"><label class=\"wpforms-field-label\">Accord RGPD <span class=\"wpforms-required-label\">*<\/span><\/label><ul id=\"wpforms-360-field_6\" class=\"wpforms-field-required\"><li class=\"choice-1\"><input type=\"checkbox\" id=\"wpforms-360-field_6_1\" name=\"wpforms[fields][6][]\" value=\"En cochant cette case, j&#039;accepte que mes informations soient utilis\u00e9es exclusivement dans le cadre de la relation commerciale avec Picardie Cloisons\" required ><label class=\"wpforms-field-label-inline\" for=\"wpforms-360-field_6_1\">En cochant cette case, j'accepte que mes informations soient utilis\u00e9es exclusivement dans le cadre de la relation commerciale avec Picardie Cloisons<\/label><\/li><\/ul><\/div><\/div><!-- .wpforms-field-container --><div class=\"wpforms-recaptcha-container wpforms-is-recaptcha wpforms-is-recaptcha-type-v2\" ><div class=\"g-recaptcha\" data-sitekey=\"6LfeY3UiAAAAAJ8jOEzPZal-HiQUdqQDD22YC7pk\"><\/div><input type=\"text\" name=\"g-recaptcha-hidden\" class=\"wpforms-recaptcha-hidden\" style=\"position:absolute!important;clip:rect(0,0,0,0)!important;height:1px!important;width:1px!important;border:0!important;overflow:hidden!important;padding:0!important;margin:0!important;\" data-rule-recaptcha=\"1\"><\/div><div class=\"wpforms-submit-container\" ><input type=\"hidden\" name=\"wpforms[id]\" value=\"360\"><input type=\"hidden\" name=\"page_title\" value=\"\"><input type=\"hidden\" name=\"page_url\" value=\"https:\/\/picardiecloisons.fr\/index.php\/wp-json\/wp\/v2\/pages\/615\"><input type=\"hidden\" name=\"url_referer\" value=\"\"><button type=\"submit\" name=\"wpforms[submit]\" id=\"wpforms-submit-360\" class=\"wpforms-submit\" data-alt-text=\"Envoi...\" data-submit-text=\"Envoyer\" aria-live=\"assertive\" value=\"wpforms-submit\">Envoyer<\/button><\/div><\/form><\/div>  <!-- .wpforms-container -->\t\t\t\t<\/div>\n\t\t\t\t<\/div>\n\t\t\t\t\t<\/div>\n\t\t<\/div>\n\t\t\t\t<div class=\"elementor-column elementor-col-50 elementor-top-column elementor-element elementor-element-6022783\" data-id=\"6022783\" data-element_type=\"column\" data-e-type=\"column\">\n\t\t\t<div class=\"elementor-widget-wrap elementor-element-populated\">\n\t\t\t\t\t\t<div class=\"elementor-element elementor-element-0f00632 elementor-widget elementor-widget-image\" data-id=\"0f00632\" data-element_type=\"widget\" data-e-type=\"widget\" data-widget_type=\"image.default\">\n\t\t\t\t<div class=\"elementor-widget-container\">\n\t\t\t\t\t\t\t\t\t\t\t\t\t\t\t<img fetchpriority=\"high\" decoding=\"async\" width=\"382\" height=\"358\" src=\"https:\/\/picardiecloisons.fr\/wp-content\/uploads\/2022\/02\/contact-siet.png\" class=\"attachment-large size-large wp-image-2077\" alt=\"Contact\" srcset=\"https:\/\/picardiecloisons.fr\/wp-content\/uploads\/2022\/02\/contact-siet.png 382w, https:\/\/picardiecloisons.fr\/wp-content\/uploads\/2022\/02\/contact-siet-300x281.png 300w\" sizes=\"(max-width: 382px) 100vw, 382px\" \/>\t\t\t\t\t\t\t\t\t\t\t\t\t\t\t<\/div>\n\t\t\t\t<\/div>\n\t\t\t\t<div class=\"elementor-element elementor-element-fc966e2 elementor-widget elementor-widget-text-editor\" data-id=\"fc966e2\" data-element_type=\"widget\" data-e-type=\"widget\" data-widget_type=\"text-editor.default\">\n\t\t\t\t<div class=\"elementor-widget-container\">\n\t\t\t\t\t\t\t\t\t<p style=\"text-align: center;\"><span style=\"font-size: 14pt; font-family: arial, helvetica, sans-serif;\"><span style=\"color: #010154;\">La Team Picardie Cloisons<\/span> <span style=\"color: #0d0d0d;\">est \u00e0 votre disposition pour toutes questions via le formulaire de contact, par mail ou encore par t\u00e9l\u00e9phone <span id=\"hs_cos_wrapper_post_body\" class=\"hs_cos_wrapper hs_cos_wrapper_meta_field hs_cos_wrapper_type_rich_text\" data-hs-cos-general-type=\"meta_field\" data-hs-cos-type=\"rich_text\"><\/span><\/span><\/span><\/p><p style=\"text-align: center;\"><span style=\"color: #e3d400;\"><em><span style=\"font-size: 14pt; font-family: arial, helvetica, sans-serif;\">N&rsquo;h\u00e9sitez-pas 03 22 33 60 00 <span id=\"hs_cos_wrapper_post_body\" class=\"hs_cos_wrapper hs_cos_wrapper_meta_field hs_cos_wrapper_type_rich_text\" data-hs-cos-general-type=\"meta_field\" data-hs-cos-type=\"rich_text\"><\/span><span id=\"hs_cos_wrapper_post_body\" class=\"hs_cos_wrapper hs_cos_wrapper_meta_field hs_cos_wrapper_type_rich_text\" data-hs-cos-general-type=\"meta_field\" data-hs-cos-type=\"rich_text\"><span class=\"emoji emoji1f4de\" role=\"button\" data-c=\"\ud83d\udcde\">\ud83d\udcde<\/span><\/span><\/span><\/em><\/span><\/p>\t\t\t\t\t\t\t\t<\/div>\n\t\t\t\t<\/div>\n\t\t\t\t\t<\/div>\n\t\t<\/div>\n\t\t\t\t\t<\/div>\n\t\t<\/section>\n\t\t\t\t<\/div>\n\t\t","protected":false},"excerpt":{"rendered":"<p>Des questions ? Contactez la PC Team via notre formulaire !\u260e\ufe0f Veuillez activer JavaScript dans votre navigateur pour remplir ce formulaire.Pr\u00e9nom \/ Nom *Pr\u00e9nomNomE-mail *Commentaire&hellip;<\/p>\n","protected":false},"author":1,"featured_media":245,"parent":0,"menu_order":0,"comment_status":"closed","ping_status":"closed","template":"","meta":{"footnotes":""},"class_list":["post-615","page","type-page","status-publish","has-post-thumbnail","hentry"],"yoast_head":"<!-- This site is optimized with the Yoast SEO plugin v27.3 - https:\/\/yoast.com\/product\/yoast-seo-wordpress\/ -->\n<title>\u00catre appel\u00e9 - Picardie Cloisons<\/title>\n<meta name=\"description\" content=\"Un projet ? Des questions ? Nous sommes \u00e0 votre disposition pour r\u00e9pondre \u00e0 vos besoins par t\u00e9l\u00e9phone ou via notre formulaire de contact\" \/>\n<meta name=\"robots\" content=\"index, follow, max-snippet:-1, max-image-preview:large, max-video-preview:-1\" \/>\n<link rel=\"canonical\" href=\"https:\/\/picardiecloisons.fr\/index.php\/etre-appele-formulaire\/\" \/>\n<meta property=\"og:locale\" content=\"fr_FR\" \/>\n<meta property=\"og:type\" content=\"article\" \/>\n<meta property=\"og:title\" content=\"\u00catre appel\u00e9 - Picardie Cloisons\" \/>\n<meta property=\"og:description\" content=\"Un projet ? Des questions ? Nous sommes \u00e0 votre disposition pour r\u00e9pondre \u00e0 vos besoins par t\u00e9l\u00e9phone ou via notre formulaire de contact\" \/>\n<meta property=\"og:url\" content=\"https:\/\/picardiecloisons.fr\/index.php\/etre-appele-formulaire\/\" \/>\n<meta property=\"og:site_name\" content=\"Picardie Cloisons\" \/>\n<meta property=\"article:modified_time\" content=\"2026-02-18T14:20:13+00:00\" \/>\n<meta property=\"og:image\" content=\"https:\/\/picardiecloisons.fr\/wp-content\/uploads\/2021\/02\/Fond5.jpg\" \/>\n\t<meta property=\"og:image:width\" content=\"1280\" \/>\n\t<meta property=\"og:image:height\" content=\"720\" \/>\n\t<meta property=\"og:image:type\" content=\"image\/jpeg\" \/>\n<meta name=\"twitter:card\" content=\"summary_large_image\" \/>\n<meta name=\"twitter:label1\" content=\"Dur\u00e9e de lecture estim\u00e9e\" \/>\n\t<meta name=\"twitter:data1\" content=\"1 minute\" \/>\n<script type=\"application\/ld+json\" class=\"yoast-schema-graph\">{\"@context\":\"https:\\\/\\\/schema.org\",\"@graph\":[{\"@type\":\"WebPage\",\"@id\":\"https:\\\/\\\/picardiecloisons.fr\\\/index.php\\\/etre-appele-formulaire\\\/\",\"url\":\"https:\\\/\\\/picardiecloisons.fr\\\/index.php\\\/etre-appele-formulaire\\\/\",\"name\":\"\u00catre appel\u00e9 - Picardie Cloisons\",\"isPartOf\":{\"@id\":\"https:\\\/\\\/picardiecloisons.fr\\\/#website\"},\"primaryImageOfPage\":{\"@id\":\"https:\\\/\\\/picardiecloisons.fr\\\/index.php\\\/etre-appele-formulaire\\\/#primaryimage\"},\"image\":{\"@id\":\"https:\\\/\\\/picardiecloisons.fr\\\/index.php\\\/etre-appele-formulaire\\\/#primaryimage\"},\"thumbnailUrl\":\"https:\\\/\\\/picardiecloisons.fr\\\/wp-content\\\/uploads\\\/2021\\\/02\\\/Fond5.jpg\",\"datePublished\":\"2023-03-20T09:11:37+00:00\",\"dateModified\":\"2026-02-18T14:20:13+00:00\",\"description\":\"Un projet ? Des questions ? Nous sommes \u00e0 votre disposition pour r\u00e9pondre \u00e0 vos besoins par t\u00e9l\u00e9phone ou via notre formulaire de contact\",\"breadcrumb\":{\"@id\":\"https:\\\/\\\/picardiecloisons.fr\\\/index.php\\\/etre-appele-formulaire\\\/#breadcrumb\"},\"inLanguage\":\"fr-FR\",\"potentialAction\":[{\"@type\":\"ReadAction\",\"target\":[\"https:\\\/\\\/picardiecloisons.fr\\\/index.php\\\/etre-appele-formulaire\\\/\"]}]},{\"@type\":\"ImageObject\",\"inLanguage\":\"fr-FR\",\"@id\":\"https:\\\/\\\/picardiecloisons.fr\\\/index.php\\\/etre-appele-formulaire\\\/#primaryimage\",\"url\":\"https:\\\/\\\/picardiecloisons.fr\\\/wp-content\\\/uploads\\\/2021\\\/02\\\/Fond5.jpg\",\"contentUrl\":\"https:\\\/\\\/picardiecloisons.fr\\\/wp-content\\\/uploads\\\/2021\\\/02\\\/Fond5.jpg\",\"width\":1280,\"height\":720},{\"@type\":\"BreadcrumbList\",\"@id\":\"https:\\\/\\\/picardiecloisons.fr\\\/index.php\\\/etre-appele-formulaire\\\/#breadcrumb\",\"itemListElement\":[{\"@type\":\"ListItem\",\"position\":1,\"name\":\"Accueil\",\"item\":\"https:\\\/\\\/picardiecloisons.fr\\\/\"},{\"@type\":\"ListItem\",\"position\":2,\"name\":\"\u00catre appel\u00e9\"}]},{\"@type\":\"WebSite\",\"@id\":\"https:\\\/\\\/picardiecloisons.fr\\\/#website\",\"url\":\"https:\\\/\\\/picardiecloisons.fr\\\/\",\"name\":\"Picardie Cloisons\",\"description\":\"Am\u00e9nagement de locaux professionnels\",\"publisher\":{\"@id\":\"https:\\\/\\\/picardiecloisons.fr\\\/#organization\"},\"potentialAction\":[{\"@type\":\"SearchAction\",\"target\":{\"@type\":\"EntryPoint\",\"urlTemplate\":\"https:\\\/\\\/picardiecloisons.fr\\\/?s={search_term_string}\"},\"query-input\":{\"@type\":\"PropertyValueSpecification\",\"valueRequired\":true,\"valueName\":\"search_term_string\"}}],\"inLanguage\":\"fr-FR\"},{\"@type\":\"Organization\",\"@id\":\"https:\\\/\\\/picardiecloisons.fr\\\/#organization\",\"name\":\"Picardie Cloisons\",\"url\":\"https:\\\/\\\/picardiecloisons.fr\\\/\",\"logo\":{\"@type\":\"ImageObject\",\"inLanguage\":\"fr-FR\",\"@id\":\"https:\\\/\\\/picardiecloisons.fr\\\/#\\\/schema\\\/logo\\\/image\\\/\",\"url\":\"https:\\\/\\\/picardiecloisons.fr\\\/wp-content\\\/uploads\\\/2021\\\/02\\\/cropped-Logo-sans-fond.png\",\"contentUrl\":\"https:\\\/\\\/picardiecloisons.fr\\\/wp-content\\\/uploads\\\/2021\\\/02\\\/cropped-Logo-sans-fond.png\",\"width\":600,\"height\":600,\"caption\":\"Picardie Cloisons\"},\"image\":{\"@id\":\"https:\\\/\\\/picardiecloisons.fr\\\/#\\\/schema\\\/logo\\\/image\\\/\"},\"sameAs\":[\"https:\\\/\\\/www.linkedin.com\\\/company\\\/picardie-cloisons-amiens\\\/\"]}]}<\/script>\n<!-- \/ Yoast SEO plugin. -->","yoast_head_json":{"title":"\u00catre appel\u00e9 - Picardie Cloisons","description":"Un projet ? Des questions ? Nous sommes \u00e0 votre disposition pour r\u00e9pondre \u00e0 vos besoins par t\u00e9l\u00e9phone ou via notre formulaire de contact","robots":{"index":"index","follow":"follow","max-snippet":"max-snippet:-1","max-image-preview":"max-image-preview:large","max-video-preview":"max-video-preview:-1"},"canonical":"https:\/\/picardiecloisons.fr\/index.php\/etre-appele-formulaire\/","og_locale":"fr_FR","og_type":"article","og_title":"\u00catre appel\u00e9 - Picardie Cloisons","og_description":"Un projet ? Des questions ? Nous sommes \u00e0 votre disposition pour r\u00e9pondre \u00e0 vos besoins par t\u00e9l\u00e9phone ou via notre formulaire de contact","og_url":"https:\/\/picardiecloisons.fr\/index.php\/etre-appele-formulaire\/","og_site_name":"Picardie Cloisons","article_modified_time":"2026-02-18T14:20:13+00:00","og_image":[{"width":1280,"height":720,"url":"https:\/\/picardiecloisons.fr\/wp-content\/uploads\/2021\/02\/Fond5.jpg","type":"image\/jpeg"}],"twitter_card":"summary_large_image","twitter_misc":{"Dur\u00e9e de lecture estim\u00e9e":"1 minute"},"schema":{"@context":"https:\/\/schema.org","@graph":[{"@type":"WebPage","@id":"https:\/\/picardiecloisons.fr\/index.php\/etre-appele-formulaire\/","url":"https:\/\/picardiecloisons.fr\/index.php\/etre-appele-formulaire\/","name":"\u00catre appel\u00e9 - Picardie Cloisons","isPartOf":{"@id":"https:\/\/picardiecloisons.fr\/#website"},"primaryImageOfPage":{"@id":"https:\/\/picardiecloisons.fr\/index.php\/etre-appele-formulaire\/#primaryimage"},"image":{"@id":"https:\/\/picardiecloisons.fr\/index.php\/etre-appele-formulaire\/#primaryimage"},"thumbnailUrl":"https:\/\/picardiecloisons.fr\/wp-content\/uploads\/2021\/02\/Fond5.jpg","datePublished":"2023-03-20T09:11:37+00:00","dateModified":"2026-02-18T14:20:13+00:00","description":"Un projet ? Des questions ? Nous sommes \u00e0 votre disposition pour r\u00e9pondre \u00e0 vos besoins par t\u00e9l\u00e9phone ou via notre formulaire de contact","breadcrumb":{"@id":"https:\/\/picardiecloisons.fr\/index.php\/etre-appele-formulaire\/#breadcrumb"},"inLanguage":"fr-FR","potentialAction":[{"@type":"ReadAction","target":["https:\/\/picardiecloisons.fr\/index.php\/etre-appele-formulaire\/"]}]},{"@type":"ImageObject","inLanguage":"fr-FR","@id":"https:\/\/picardiecloisons.fr\/index.php\/etre-appele-formulaire\/#primaryimage","url":"https:\/\/picardiecloisons.fr\/wp-content\/uploads\/2021\/02\/Fond5.jpg","contentUrl":"https:\/\/picardiecloisons.fr\/wp-content\/uploads\/2021\/02\/Fond5.jpg","width":1280,"height":720},{"@type":"BreadcrumbList","@id":"https:\/\/picardiecloisons.fr\/index.php\/etre-appele-formulaire\/#breadcrumb","itemListElement":[{"@type":"ListItem","position":1,"name":"Accueil","item":"https:\/\/picardiecloisons.fr\/"},{"@type":"ListItem","position":2,"name":"\u00catre appel\u00e9"}]},{"@type":"WebSite","@id":"https:\/\/picardiecloisons.fr\/#website","url":"https:\/\/picardiecloisons.fr\/","name":"Picardie Cloisons","description":"Am\u00e9nagement de locaux professionnels","publisher":{"@id":"https:\/\/picardiecloisons.fr\/#organization"},"potentialAction":[{"@type":"SearchAction","target":{"@type":"EntryPoint","urlTemplate":"https:\/\/picardiecloisons.fr\/?s={search_term_string}"},"query-input":{"@type":"PropertyValueSpecification","valueRequired":true,"valueName":"search_term_string"}}],"inLanguage":"fr-FR"},{"@type":"Organization","@id":"https:\/\/picardiecloisons.fr\/#organization","name":"Picardie Cloisons","url":"https:\/\/picardiecloisons.fr\/","logo":{"@type":"ImageObject","inLanguage":"fr-FR","@id":"https:\/\/picardiecloisons.fr\/#\/schema\/logo\/image\/","url":"https:\/\/picardiecloisons.fr\/wp-content\/uploads\/2021\/02\/cropped-Logo-sans-fond.png","contentUrl":"https:\/\/picardiecloisons.fr\/wp-content\/uploads\/2021\/02\/cropped-Logo-sans-fond.png","width":600,"height":600,"caption":"Picardie Cloisons"},"image":{"@id":"https:\/\/picardiecloisons.fr\/#\/schema\/logo\/image\/"},"sameAs":["https:\/\/www.linkedin.com\/company\/picardie-cloisons-amiens\/"]}]}},"_links":{"self":[{"href":"https:\/\/picardiecloisons.fr\/index.php\/wp-json\/wp\/v2\/pages\/615","targetHints":{"allow":["GET"]}}],"collection":[{"href":"https:\/\/picardiecloisons.fr\/index.php\/wp-json\/wp\/v2\/pages"}],"about":[{"href":"https:\/\/picardiecloisons.fr\/index.php\/wp-json\/wp\/v2\/types\/page"}],"author":[{"embeddable":true,"href":"https:\/\/picardiecloisons.fr\/index.php\/wp-json\/wp\/v2\/users\/1"}],"replies":[{"embeddable":true,"href":"https:\/\/picardiecloisons.fr\/index.php\/wp-json\/wp\/v2\/comments?post=615"}],"version-history":[{"count":44,"href":"https:\/\/picardiecloisons.fr\/index.php\/wp-json\/wp\/v2\/pages\/615\/revisions"}],"predecessor-version":[{"id":3402,"href":"https:\/\/picardiecloisons.fr\/index.php\/wp-json\/wp\/v2\/pages\/615\/revisions\/3402"}],"wp:featuredmedia":[{"embeddable":true,"href":"https:\/\/picardiecloisons.fr\/index.php\/wp-json\/wp\/v2\/media\/245"}],"wp:attachment":[{"href":"https:\/\/picardiecloisons.fr\/index.php\/wp-json\/wp\/v2\/media?parent=615"}],"curies":[{"name":"wp","href":"https:\/\/api.w.org\/{rel}","templated":true}]}}